{"id":1032,"date":"2023-12-01T12:37:32","date_gmt":"2023-12-01T12:37:32","guid":{"rendered":"https:\/\/staging.locandacasamartini.it\/contatti\/"},"modified":"2024-02-28T15:19:17","modified_gmt":"2024-02-28T15:19:17","slug":"contacts","status":"publish","type":"page","link":"https:\/\/locandacasamartini.it\/fr\/contacts\/","title":{"rendered":"Contacts"},"content":{"rendered":"\n<div class=\"wp-block-columns is-layout-flex wp-container-core-columns-layout-1 wp-block-columns-is-layout-flex\">\n<div class=\"wp-block-column is-layout-flow wp-block-column-is-layout-flow\">\n<h4 class=\"wp-block-heading\"><strong>Locanda Casa Martini<\/strong><\/h4>\n\n\n\n<p>Cannaregio, 1314<br>Venezia<br><a href=\"https:\/\/locandacasamartini.it\/fr\/ou-nous-sommes\/\">Voir le Plan<\/a><\/p>\n\n\n\n<p>Le b\u00e2timent est compos\u00e9 de 3 \u00e9tages <u>sans ascenseur<\/u>.<\/p>\n<\/div>\n\n\n\n<div class=\"wp-block-column is-layout-flow wp-block-column-is-layout-flow\">\n<h4 class=\"wp-block-heading\"><strong>Horaires<\/strong><\/h4>\n\n\n\n<p><strong>Reception:<\/strong> 8,30-12,30<\/p>\n\n\n\n<p><strong>Self Check in:<\/strong>\u00a0apr\u00e8s 12h30, notre staff vous fournira un code de la porte principale, et vous trouverez une enveloppe \u00e0 votre nom et\u00a0 les cl\u00e9s de la chambre ainsi que les relatives instructions.<br><br><strong>Check out:\u00a0<\/strong>avant 10h30\u00a0 ( il est possible de laisser les effets personnels dans la structure jusqu\u2019au d\u00e9part. Pour informations compl\u00e9mentaires\u00a0 demander au personnel de la r\u00e9ception).<\/p>\n<\/div>\n<\/div>\n\n\n\n<div class=\"wp-block-columns is-layout-flex wp-container-core-columns-layout-2 wp-block-columns-is-layout-flex\">\n<div class=\"wp-block-column is-layout-flow wp-block-column-is-layout-flow\">\n<p><strong>Taxe de s\u00e9jour non comprise<\/strong><\/p>\n\n\n\n<p>Haute saison <strong><i>4 \u20ac<\/i><\/strong> par personne et par nuit<br>Basse saison <strong><i>2,80 \u20ac<\/i><\/strong> par personne et par nuit.<br>Gratuit pour les enfants jusqu&rsquo;\u00e0 9 ans.<br>50% de r\u00e9duction pour les enfants de 10 \u00e0 15 ans.<\/p>\n<\/div>\n<\/div>\n","protected":false},"excerpt":{"rendered":"<p>Locanda Casa Martini Cannaregio, 1314VeneziaVoir le Plan Le b\u00e2timent est compos\u00e9 de 3 \u00e9tages sans ascenseur. Horaires Reception: 8,30-12,30 Self Check in:\u00a0apr\u00e8s 12h30, notre staff vous fournira un code de la porte principale, et vous trouverez une enveloppe \u00e0 votre nom et\u00a0 les cl\u00e9s de la chambre ainsi que les relatives instructions. Check out:\u00a0avant 10h30\u00a0 [&hellip;]<\/p>\n","protected":false},"author":1,"featured_media":951,"parent":0,"menu_order":0,"comment_status":"closed","ping_status":"closed","template":"templates\/contatti.php","meta":{"_acf_changed":false,"footnotes":""},"acf":[],"yoast_head":"<!-- This site is optimized with the Yoast SEO plugin v22.3 - https:\/\/yoast.com\/wordpress\/plugins\/seo\/ -->\n<title>Contacts - Locanda Casa Martini<\/title>\n<meta name=\"robots\" content=\"index, follow, max-snippet:-1, max-image-preview:large, max-video-preview:-1\" \/>\n<link rel=\"canonical\" href=\"https:\/\/locandacasamartini.it\/fr\/contacts\/\" \/>\n<meta property=\"og:locale\" content=\"fr_FR\" \/>\n<meta property=\"og:type\" content=\"article\" \/>\n<meta property=\"og:title\" content=\"Contacts - Locanda Casa Martini\" \/>\n<meta property=\"og:description\" content=\"Locanda Casa Martini Cannaregio, 1314VeneziaVoir le Plan Le b\u00e2timent est compos\u00e9 de 3 \u00e9tages sans ascenseur. Horaires Reception: 8,30-12,30 Self Check in:\u00a0apr\u00e8s 12h30, notre staff vous fournira un code de la porte principale, et vous trouverez une enveloppe \u00e0 votre nom et\u00a0 les cl\u00e9s de la chambre ainsi que les relatives instructions. Check out:\u00a0avant 10h30\u00a0 [&hellip;]\" \/>\n<meta property=\"og:url\" content=\"https:\/\/locandacasamartini.it\/fr\/contacts\/\" \/>\n<meta property=\"og:site_name\" content=\"Locanda Casa Martini\" \/>\n<meta property=\"article:publisher\" content=\"https:\/\/www.facebook.com\/profile.php?id=100075802430648\" \/>\n<meta property=\"article:modified_time\" content=\"2024-02-28T15:19:17+00:00\" \/>\n<meta property=\"og:image\" content=\"https:\/\/locandacasamartini.it\/wp-content\/uploads\/2024\/02\/Contatti-Front-Office.jpg\" \/>\n\t<meta property=\"og:image:width\" content=\"2560\" \/>\n\t<meta property=\"og:image:height\" content=\"1422\" \/>\n\t<meta property=\"og:image:type\" content=\"image\/jpeg\" \/>\n<meta name=\"twitter:card\" content=\"summary_large_image\" \/>\n<meta name=\"twitter:label1\" content=\"Dur\u00e9e de lecture estim\u00e9e\" \/>\n\t<meta name=\"twitter:data1\" content=\"1 minute\" \/>\n<script type=\"application\/ld+json\" class=\"yoast-schema-graph\">{\"@context\":\"https:\/\/schema.org\",\"@graph\":[{\"@type\":\"WebPage\",\"@id\":\"https:\/\/locandacasamartini.it\/fr\/contacts\/\",\"url\":\"https:\/\/locandacasamartini.it\/fr\/contacts\/\",\"name\":\"Contacts - Locanda Casa Martini\",\"isPartOf\":{\"@id\":\"https:\/\/locandacasamartini.it\/fr\/#website\"},\"primaryImageOfPage\":{\"@id\":\"https:\/\/locandacasamartini.it\/fr\/contacts\/#primaryimage\"},\"image\":{\"@id\":\"https:\/\/locandacasamartini.it\/fr\/contacts\/#primaryimage\"},\"thumbnailUrl\":\"https:\/\/locandacasamartini.it\/wp-content\/uploads\/2024\/02\/Contatti-Front-Office.jpg\",\"datePublished\":\"2023-12-01T12:37:32+00:00\",\"dateModified\":\"2024-02-28T15:19:17+00:00\",\"breadcrumb\":{\"@id\":\"https:\/\/locandacasamartini.it\/fr\/contacts\/#breadcrumb\"},\"inLanguage\":\"fr-FR\",\"potentialAction\":[{\"@type\":\"ReadAction\",\"target\":[\"https:\/\/locandacasamartini.it\/fr\/contacts\/\"]}]},{\"@type\":\"ImageObject\",\"inLanguage\":\"fr-FR\",\"@id\":\"https:\/\/locandacasamartini.it\/fr\/contacts\/#primaryimage\",\"url\":\"https:\/\/locandacasamartini.it\/wp-content\/uploads\/2024\/02\/Contatti-Front-Office.jpg\",\"contentUrl\":\"https:\/\/locandacasamartini.it\/wp-content\/uploads\/2024\/02\/Contatti-Front-Office.jpg\",\"width\":2560,\"height\":1422},{\"@type\":\"BreadcrumbList\",\"@id\":\"https:\/\/locandacasamartini.it\/fr\/contacts\/#breadcrumb\",\"itemListElement\":[{\"@type\":\"ListItem\",\"position\":1,\"name\":\"Home\",\"item\":\"https:\/\/locandacasamartini.it\/fr\/\"},{\"@type\":\"ListItem\",\"position\":2,\"name\":\"Contacts\"}]},{\"@type\":\"WebSite\",\"@id\":\"https:\/\/locandacasamartini.it\/fr\/#website\",\"url\":\"https:\/\/locandacasamartini.it\/fr\/\",\"name\":\"Locanda Casa Martini Venezia\",\"description\":\"Palazzo del Settecento a Venezia: il vostro soggiorno immersi nella storia.\",\"publisher\":{\"@id\":\"https:\/\/locandacasamartini.it\/fr\/#organization\"},\"potentialAction\":[{\"@type\":\"SearchAction\",\"target\":{\"@type\":\"EntryPoint\",\"urlTemplate\":\"https:\/\/locandacasamartini.it\/fr\/?s={search_term_string}\"},\"query-input\":\"required name=search_term_string\"}],\"inLanguage\":\"fr-FR\"},{\"@type\":\"Organization\",\"@id\":\"https:\/\/locandacasamartini.it\/fr\/#organization\",\"name\":\"Locanda Casa Martini\",\"url\":\"https:\/\/locandacasamartini.it\/fr\/\",\"logo\":{\"@type\":\"ImageObject\",\"inLanguage\":\"fr-FR\",\"@id\":\"https:\/\/locandacasamartini.it\/fr\/#\/schema\/logo\/image\/\",\"url\":\"https:\/\/locandacasamartini.it\/wp-content\/uploads\/2024\/01\/Logo_Casa_Martini_red_192.png\",\"contentUrl\":\"https:\/\/locandacasamartini.it\/wp-content\/uploads\/2024\/01\/Logo_Casa_Martini_red_192.png\",\"width\":295,\"height\":192,\"caption\":\"Locanda Casa Martini\"},\"image\":{\"@id\":\"https:\/\/locandacasamartini.it\/fr\/#\/schema\/logo\/image\/\"},\"sameAs\":[\"https:\/\/www.facebook.com\/profile.php?id=100075802430648\"]}]}<\/script>\n<!-- \/ Yoast SEO plugin. -->","yoast_head_json":{"title":"Contacts - Locanda Casa Martini","robots":{"index":"index","follow":"follow","max-snippet":"max-snippet:-1","max-image-preview":"max-image-preview:large","max-video-preview":"max-video-preview:-1"},"canonical":"https:\/\/locandacasamartini.it\/fr\/contacts\/","og_locale":"fr_FR","og_type":"article","og_title":"Contacts - Locanda Casa Martini","og_description":"Locanda Casa Martini Cannaregio, 1314VeneziaVoir le Plan Le b\u00e2timent est compos\u00e9 de 3 \u00e9tages sans ascenseur. Horaires Reception: 8,30-12,30 Self Check in:\u00a0apr\u00e8s 12h30, notre staff vous fournira un code de la porte principale, et vous trouverez une enveloppe \u00e0 votre nom et\u00a0 les cl\u00e9s de la chambre ainsi que les relatives instructions. Check out:\u00a0avant 10h30\u00a0 [&hellip;]","og_url":"https:\/\/locandacasamartini.it\/fr\/contacts\/","og_site_name":"Locanda Casa Martini","article_publisher":"https:\/\/www.facebook.com\/profile.php?id=100075802430648","article_modified_time":"2024-02-28T15:19:17+00:00","og_image":[{"width":2560,"height":1422,"url":"https:\/\/locandacasamartini.it\/wp-content\/uploads\/2024\/02\/Contatti-Front-Office.jpg","type":"image\/jpeg"}],"twitter_card":"summary_large_image","twitter_misc":{"Dur\u00e9e de lecture estim\u00e9e":"1 minute"},"schema":{"@context":"https:\/\/schema.org","@graph":[{"@type":"WebPage","@id":"https:\/\/locandacasamartini.it\/fr\/contacts\/","url":"https:\/\/locandacasamartini.it\/fr\/contacts\/","name":"Contacts - Locanda Casa Martini","isPartOf":{"@id":"https:\/\/locandacasamartini.it\/fr\/#website"},"primaryImageOfPage":{"@id":"https:\/\/locandacasamartini.it\/fr\/contacts\/#primaryimage"},"image":{"@id":"https:\/\/locandacasamartini.it\/fr\/contacts\/#primaryimage"},"thumbnailUrl":"https:\/\/locandacasamartini.it\/wp-content\/uploads\/2024\/02\/Contatti-Front-Office.jpg","datePublished":"2023-12-01T12:37:32+00:00","dateModified":"2024-02-28T15:19:17+00:00","breadcrumb":{"@id":"https:\/\/locandacasamartini.it\/fr\/contacts\/#breadcrumb"},"inLanguage":"fr-FR","potentialAction":[{"@type":"ReadAction","target":["https:\/\/locandacasamartini.it\/fr\/contacts\/"]}]},{"@type":"ImageObject","inLanguage":"fr-FR","@id":"https:\/\/locandacasamartini.it\/fr\/contacts\/#primaryimage","url":"https:\/\/locandacasamartini.it\/wp-content\/uploads\/2024\/02\/Contatti-Front-Office.jpg","contentUrl":"https:\/\/locandacasamartini.it\/wp-content\/uploads\/2024\/02\/Contatti-Front-Office.jpg","width":2560,"height":1422},{"@type":"BreadcrumbList","@id":"https:\/\/locandacasamartini.it\/fr\/contacts\/#breadcrumb","itemListElement":[{"@type":"ListItem","position":1,"name":"Home","item":"https:\/\/locandacasamartini.it\/fr\/"},{"@type":"ListItem","position":2,"name":"Contacts"}]},{"@type":"WebSite","@id":"https:\/\/locandacasamartini.it\/fr\/#website","url":"https:\/\/locandacasamartini.it\/fr\/","name":"Locanda Casa Martini Venezia","description":"Palazzo del Settecento a Venezia: il vostro soggiorno immersi nella storia.","publisher":{"@id":"https:\/\/locandacasamartini.it\/fr\/#organization"},"potentialAction":[{"@type":"SearchAction","target":{"@type":"EntryPoint","urlTemplate":"https:\/\/locandacasamartini.it\/fr\/?s={search_term_string}"},"query-input":"required name=search_term_string"}],"inLanguage":"fr-FR"},{"@type":"Organization","@id":"https:\/\/locandacasamartini.it\/fr\/#organization","name":"Locanda Casa Martini","url":"https:\/\/locandacasamartini.it\/fr\/","logo":{"@type":"ImageObject","inLanguage":"fr-FR","@id":"https:\/\/locandacasamartini.it\/fr\/#\/schema\/logo\/image\/","url":"https:\/\/locandacasamartini.it\/wp-content\/uploads\/2024\/01\/Logo_Casa_Martini_red_192.png","contentUrl":"https:\/\/locandacasamartini.it\/wp-content\/uploads\/2024\/01\/Logo_Casa_Martini_red_192.png","width":295,"height":192,"caption":"Locanda Casa Martini"},"image":{"@id":"https:\/\/locandacasamartini.it\/fr\/#\/schema\/logo\/image\/"},"sameAs":["https:\/\/www.facebook.com\/profile.php?id=100075802430648"]}]}},"_links":{"self":[{"href":"https:\/\/locandacasamartini.it\/fr\/wp-json\/wp\/v2\/pages\/1032"}],"collection":[{"href":"https:\/\/locandacasamartini.it\/fr\/wp-json\/wp\/v2\/pages"}],"about":[{"href":"https:\/\/locandacasamartini.it\/fr\/wp-json\/wp\/v2\/types\/page"}],"author":[{"embeddable":true,"href":"https:\/\/locandacasamartini.it\/fr\/wp-json\/wp\/v2\/users\/1"}],"replies":[{"embeddable":true,"href":"https:\/\/locandacasamartini.it\/fr\/wp-json\/wp\/v2\/comments?post=1032"}],"version-history":[{"count":2,"href":"https:\/\/locandacasamartini.it\/fr\/wp-json\/wp\/v2\/pages\/1032\/revisions"}],"predecessor-version":[{"id":1037,"href":"https:\/\/locandacasamartini.it\/fr\/wp-json\/wp\/v2\/pages\/1032\/revisions\/1037"}],"wp:featuredmedia":[{"embeddable":true,"href":"https:\/\/locandacasamartini.it\/fr\/wp-json\/wp\/v2\/media\/951"}],"wp:attachment":[{"href":"https:\/\/locandacasamartini.it\/fr\/wp-json\/wp\/v2\/media?parent=1032"}],"curies":[{"name":"wp","href":"https:\/\/api.w.org\/{rel}","templated":true}]}}