{"id":1022,"date":"2024-02-02T08:52:22","date_gmt":"2024-02-02T08:52:22","guid":{"rendered":"https:\/\/staging.locandacasamartini.it\/chi-siamo\/"},"modified":"2024-02-28T14:56:38","modified_gmt":"2024-02-28T14:56:38","slug":"qui-sommes-nous","status":"publish","type":"page","link":"https:\/\/locandacasamartini.it\/fr\/qui-sommes-nous\/","title":{"rendered":"Qui Sommes Nous"},"content":{"rendered":"\n<p>La famille Martini\u00a0 est\u00a0 originaire de Lucca , marchands de soie et de tissus, qui \u00e9tait d\u00e9j\u00e0\u00a0 pr\u00e9sente les derni\u00e8res d\u00e9cennies du XIV\u00a0 si\u00e8cle et \u00e9tait active \u00e0 Venise.<br>D\u00e8s les premi\u00e8res ann\u00e9es de 1700 Cipriano Moro Martini, op\u00e9rant principalement dans le commerce des \u00e9pices, devient propri\u00e9taire du Palais et le transforme en r\u00e9sidence familiale.<br>Dans ces lieux rest\u00e9s tels quels jusqu\u2019\u00e0 nos jours,\u00a0 nous prenons soins de nos clients pour leur faire d\u00e9couvrir cette histoire, la culture et la beaut\u00e9 de notre merveilleuse ville: Venise.<\/p>\n\n\n\n<h3 class=\"wp-block-heading\">1. <strong>Facile d\u2019acc\u00e8s<\/strong><\/h3>\n\n\n\n<p>A quelques minutes \u00e0 pied de la gare des trains Venezia Santa Lucia, et de Piazzale Roma, Casa Martini est face \u00e0 Rio Ter\u00e0 San Leonardo, dans le sestiere de Cannaregio ( le deuxi\u00e8me le plus grand de Venise). L\u2019entr\u00e9e de La structure se trouve Calle del Magazen 1314.<br>D\u00e8s que vous traversez le \u2018\u2019ponte delle Guglie\u2019\u2019, vous nous trouverez \u00e0 gauche. Notre calle &#8211; Calle del Magazen, se trouve entre le restaurant \u201cda Nini\u201d et le magasin de v\u00eatements \u201cOVS\u201d. Pour ceux qui souhaitent arriver en vaporetto l\u2019arr\u00eat le plus proche est \u201c GUGLIE\u201d, ligne 42 ou 52, et pour la ligne \u201cALILAGUNA\u201d depuis l\u2019a\u00e9roport Marco Polo.<\/p>\n\n\n\n<h3 class=\"wp-block-heading\">2. <strong>Un lieu riche et fascinant<\/strong><\/h3>\n\n\n\n<p>Pour les passionn\u00e9s de l\u2019histoire, de l\u2019architecture, de l\u2019art, des traditions locales et des lieux o\u00f9 se sentir chez soi, Casa Marini est le choix id\u00e9al. Vous trouverez des chambres o\u00f9 passer un agr\u00e9able s\u00e9jour,\u00a0 immerg\u00e9s dans une atmosph\u00e8re unique et typiquement v\u00e9nitienne. Pour avoir un s\u00e9jour personnalis\u00e9, n\u2019h\u00e9sitez pas \u00e0 nous demander nos meilleures propositions et nous vous sugg\u00e9rerons quoi faire, que voir, les activit\u00e9s du territoire pour satisfaire vos curiosit\u00e9s.<\/p>\n\n\n\n<h3 class=\"wp-block-heading\">3. <strong>Personnalisez votre s\u00e9jour \u00e0 Venise<\/strong><\/h3>\n\n\n\n<p>Au travers de notre site et de nos r\u00e9seaux sociaux vous pouvez d\u00e9couvrir chaque d\u00e9tail et suggestion de Casa Martini et personnaliser \u00e0 l\u2019aide de nos services ou offres, ou bien en nous appelant pour v\u00e9rifier la disponibilit\u00e9 d\u2019une chambre sp\u00e9cifique. Nous serons heureux de vous offrir des offres sp\u00e9ciales pour une lune de miel, pour une promesse, pour un anniversaire, pour la visite d\u2019une exposition ou pour vous conseiller le meilleur s\u00e9jour suivant vos exigences et vos int\u00e9r\u00eats.<\/p>\n\n\n\n<h3 class=\"wp-block-heading\">4. <strong>Vivre \u201c\u00e0 la v\u00e9nitienne\u201d<\/strong><\/h3>\n\n\n\n<p>Venise est belle dans tous ses \u2018\u2019sestieri\u2019\u2019et sous tous les angles. Casa Martini se trouve dans une zone tr\u00e8s vivante et tr\u00e8s active de la ville o\u00f9 l\u2019ont peut vivre son histoire, sa culture, mais aussi sa vie sociale. Dans alentours proches il est\u00a0 possible de visiter le ghetto, la fameuse Ca\u2019 D\u2019Oro,la Gallerie Giorgio Franchetti \u00e0 la Ca\u2019 d\u2019Oro, l\u2019\u00e9glise de San Leonardo datant de 1025 (et consacr\u00e9e vers 1300), ou se rendre dans la \u201cfondamenta\u201d la plus typique de Venise, la \u201cfondamenta Ormesini\u201d.<\/p>\n\n\n\n<blockquote class=\"wp-block-quote\">\n<p><\/p>\n<cite>\u201cVotre chambre dans un palais v\u00e9nitien du \u2019700\u201d<\/cite><\/blockquote>\n","protected":false},"excerpt":{"rendered":"<p>La famille Martini\u00a0 est\u00a0 originaire de Lucca , marchands de soie et de tissus, qui \u00e9tait d\u00e9j\u00e0\u00a0 pr\u00e9sente les derni\u00e8res d\u00e9cennies du XIV\u00a0 si\u00e8cle et \u00e9tait active \u00e0 Venise.D\u00e8s les premi\u00e8res ann\u00e9es de 1700 Cipriano Moro Martini, op\u00e9rant principalement dans le commerce des \u00e9pices, devient propri\u00e9taire du Palais et le transforme en r\u00e9sidence familiale.Dans ces [&hellip;]<\/p>\n","protected":false},"author":1,"featured_media":0,"parent":0,"menu_order":0,"comment_status":"closed","ping_status":"closed","template":"","meta":{"_acf_changed":false,"footnotes":""},"acf":[],"yoast_head":"<!-- This site is optimized with the Yoast SEO plugin v22.3 - https:\/\/yoast.com\/wordpress\/plugins\/seo\/ -->\n<title>Qui Sommes Nous - Locanda Casa Martini<\/title>\n<meta name=\"robots\" content=\"index, follow, max-snippet:-1, max-image-preview:large, max-video-preview:-1\" \/>\n<link rel=\"canonical\" href=\"https:\/\/locandacasamartini.it\/fr\/qui-sommes-nous\/\" \/>\n<meta property=\"og:locale\" content=\"fr_FR\" \/>\n<meta property=\"og:type\" content=\"article\" \/>\n<meta property=\"og:title\" content=\"Qui Sommes Nous - Locanda Casa Martini\" \/>\n<meta property=\"og:description\" content=\"La famille Martini\u00a0 est\u00a0 originaire de Lucca , marchands de soie et de tissus, qui \u00e9tait d\u00e9j\u00e0\u00a0 pr\u00e9sente les derni\u00e8res d\u00e9cennies du XIV\u00a0 si\u00e8cle et \u00e9tait active \u00e0 Venise.D\u00e8s les premi\u00e8res ann\u00e9es de 1700 Cipriano Moro Martini, op\u00e9rant principalement dans le commerce des \u00e9pices, devient propri\u00e9taire du Palais et le transforme en r\u00e9sidence familiale.Dans ces [&hellip;]\" \/>\n<meta property=\"og:url\" content=\"https:\/\/locandacasamartini.it\/fr\/qui-sommes-nous\/\" \/>\n<meta property=\"og:site_name\" content=\"Locanda Casa Martini\" \/>\n<meta property=\"article:publisher\" content=\"https:\/\/www.facebook.com\/profile.php?id=100075802430648\" \/>\n<meta property=\"article:modified_time\" content=\"2024-02-28T14:56:38+00:00\" \/>\n<meta name=\"twitter:card\" content=\"summary_large_image\" \/>\n<meta name=\"twitter:label1\" content=\"Dur\u00e9e de lecture estim\u00e9e\" \/>\n\t<meta name=\"twitter:data1\" content=\"3 minutes\" \/>\n<script type=\"application\/ld+json\" class=\"yoast-schema-graph\">{\"@context\":\"https:\/\/schema.org\",\"@graph\":[{\"@type\":\"WebPage\",\"@id\":\"https:\/\/locandacasamartini.it\/fr\/qui-sommes-nous\/\",\"url\":\"https:\/\/locandacasamartini.it\/fr\/qui-sommes-nous\/\",\"name\":\"Qui Sommes Nous - Locanda Casa Martini\",\"isPartOf\":{\"@id\":\"https:\/\/locandacasamartini.it\/fr\/#website\"},\"datePublished\":\"2024-02-02T08:52:22+00:00\",\"dateModified\":\"2024-02-28T14:56:38+00:00\",\"breadcrumb\":{\"@id\":\"https:\/\/locandacasamartini.it\/fr\/qui-sommes-nous\/#breadcrumb\"},\"inLanguage\":\"fr-FR\",\"potentialAction\":[{\"@type\":\"ReadAction\",\"target\":[\"https:\/\/locandacasamartini.it\/fr\/qui-sommes-nous\/\"]}]},{\"@type\":\"BreadcrumbList\",\"@id\":\"https:\/\/locandacasamartini.it\/fr\/qui-sommes-nous\/#breadcrumb\",\"itemListElement\":[{\"@type\":\"ListItem\",\"position\":1,\"name\":\"Home\",\"item\":\"https:\/\/locandacasamartini.it\/fr\/\"},{\"@type\":\"ListItem\",\"position\":2,\"name\":\"Qui Sommes Nous\"}]},{\"@type\":\"WebSite\",\"@id\":\"https:\/\/locandacasamartini.it\/fr\/#website\",\"url\":\"https:\/\/locandacasamartini.it\/fr\/\",\"name\":\"Locanda Casa Martini Venezia\",\"description\":\"Palazzo del Settecento a Venezia: il vostro soggiorno immersi nella storia.\",\"publisher\":{\"@id\":\"https:\/\/locandacasamartini.it\/fr\/#organization\"},\"potentialAction\":[{\"@type\":\"SearchAction\",\"target\":{\"@type\":\"EntryPoint\",\"urlTemplate\":\"https:\/\/locandacasamartini.it\/fr\/?s={search_term_string}\"},\"query-input\":\"required name=search_term_string\"}],\"inLanguage\":\"fr-FR\"},{\"@type\":\"Organization\",\"@id\":\"https:\/\/locandacasamartini.it\/fr\/#organization\",\"name\":\"Locanda Casa Martini\",\"url\":\"https:\/\/locandacasamartini.it\/fr\/\",\"logo\":{\"@type\":\"ImageObject\",\"inLanguage\":\"fr-FR\",\"@id\":\"https:\/\/locandacasamartini.it\/fr\/#\/schema\/logo\/image\/\",\"url\":\"https:\/\/locandacasamartini.it\/wp-content\/uploads\/2024\/01\/Logo_Casa_Martini_red_192.png\",\"contentUrl\":\"https:\/\/locandacasamartini.it\/wp-content\/uploads\/2024\/01\/Logo_Casa_Martini_red_192.png\",\"width\":295,\"height\":192,\"caption\":\"Locanda Casa Martini\"},\"image\":{\"@id\":\"https:\/\/locandacasamartini.it\/fr\/#\/schema\/logo\/image\/\"},\"sameAs\":[\"https:\/\/www.facebook.com\/profile.php?id=100075802430648\"]}]}<\/script>\n<!-- \/ Yoast SEO plugin. -->","yoast_head_json":{"title":"Qui Sommes Nous - Locanda Casa Martini","robots":{"index":"index","follow":"follow","max-snippet":"max-snippet:-1","max-image-preview":"max-image-preview:large","max-video-preview":"max-video-preview:-1"},"canonical":"https:\/\/locandacasamartini.it\/fr\/qui-sommes-nous\/","og_locale":"fr_FR","og_type":"article","og_title":"Qui Sommes Nous - Locanda Casa Martini","og_description":"La famille Martini\u00a0 est\u00a0 originaire de Lucca , marchands de soie et de tissus, qui \u00e9tait d\u00e9j\u00e0\u00a0 pr\u00e9sente les derni\u00e8res d\u00e9cennies du XIV\u00a0 si\u00e8cle et \u00e9tait active \u00e0 Venise.D\u00e8s les premi\u00e8res ann\u00e9es de 1700 Cipriano Moro Martini, op\u00e9rant principalement dans le commerce des \u00e9pices, devient propri\u00e9taire du Palais et le transforme en r\u00e9sidence familiale.Dans ces [&hellip;]","og_url":"https:\/\/locandacasamartini.it\/fr\/qui-sommes-nous\/","og_site_name":"Locanda Casa Martini","article_publisher":"https:\/\/www.facebook.com\/profile.php?id=100075802430648","article_modified_time":"2024-02-28T14:56:38+00:00","twitter_card":"summary_large_image","twitter_misc":{"Dur\u00e9e de lecture estim\u00e9e":"3 minutes"},"schema":{"@context":"https:\/\/schema.org","@graph":[{"@type":"WebPage","@id":"https:\/\/locandacasamartini.it\/fr\/qui-sommes-nous\/","url":"https:\/\/locandacasamartini.it\/fr\/qui-sommes-nous\/","name":"Qui Sommes Nous - Locanda Casa Martini","isPartOf":{"@id":"https:\/\/locandacasamartini.it\/fr\/#website"},"datePublished":"2024-02-02T08:52:22+00:00","dateModified":"2024-02-28T14:56:38+00:00","breadcrumb":{"@id":"https:\/\/locandacasamartini.it\/fr\/qui-sommes-nous\/#breadcrumb"},"inLanguage":"fr-FR","potentialAction":[{"@type":"ReadAction","target":["https:\/\/locandacasamartini.it\/fr\/qui-sommes-nous\/"]}]},{"@type":"BreadcrumbList","@id":"https:\/\/locandacasamartini.it\/fr\/qui-sommes-nous\/#breadcrumb","itemListElement":[{"@type":"ListItem","position":1,"name":"Home","item":"https:\/\/locandacasamartini.it\/fr\/"},{"@type":"ListItem","position":2,"name":"Qui Sommes Nous"}]},{"@type":"WebSite","@id":"https:\/\/locandacasamartini.it\/fr\/#website","url":"https:\/\/locandacasamartini.it\/fr\/","name":"Locanda Casa Martini Venezia","description":"Palazzo del Settecento a Venezia: il vostro soggiorno immersi nella storia.","publisher":{"@id":"https:\/\/locandacasamartini.it\/fr\/#organization"},"potentialAction":[{"@type":"SearchAction","target":{"@type":"EntryPoint","urlTemplate":"https:\/\/locandacasamartini.it\/fr\/?s={search_term_string}"},"query-input":"required name=search_term_string"}],"inLanguage":"fr-FR"},{"@type":"Organization","@id":"https:\/\/locandacasamartini.it\/fr\/#organization","name":"Locanda Casa Martini","url":"https:\/\/locandacasamartini.it\/fr\/","logo":{"@type":"ImageObject","inLanguage":"fr-FR","@id":"https:\/\/locandacasamartini.it\/fr\/#\/schema\/logo\/image\/","url":"https:\/\/locandacasamartini.it\/wp-content\/uploads\/2024\/01\/Logo_Casa_Martini_red_192.png","contentUrl":"https:\/\/locandacasamartini.it\/wp-content\/uploads\/2024\/01\/Logo_Casa_Martini_red_192.png","width":295,"height":192,"caption":"Locanda Casa Martini"},"image":{"@id":"https:\/\/locandacasamartini.it\/fr\/#\/schema\/logo\/image\/"},"sameAs":["https:\/\/www.facebook.com\/profile.php?id=100075802430648"]}]}},"_links":{"self":[{"href":"https:\/\/locandacasamartini.it\/fr\/wp-json\/wp\/v2\/pages\/1022"}],"collection":[{"href":"https:\/\/locandacasamartini.it\/fr\/wp-json\/wp\/v2\/pages"}],"about":[{"href":"https:\/\/locandacasamartini.it\/fr\/wp-json\/wp\/v2\/types\/page"}],"author":[{"embeddable":true,"href":"https:\/\/locandacasamartini.it\/fr\/wp-json\/wp\/v2\/users\/1"}],"replies":[{"embeddable":true,"href":"https:\/\/locandacasamartini.it\/fr\/wp-json\/wp\/v2\/comments?post=1022"}],"version-history":[{"count":1,"href":"https:\/\/locandacasamartini.it\/fr\/wp-json\/wp\/v2\/pages\/1022\/revisions"}],"predecessor-version":[{"id":1024,"href":"https:\/\/locandacasamartini.it\/fr\/wp-json\/wp\/v2\/pages\/1022\/revisions\/1024"}],"wp:attachment":[{"href":"https:\/\/locandacasamartini.it\/fr\/wp-json\/wp\/v2\/media?parent=1022"}],"curies":[{"name":"wp","href":"https:\/\/api.w.org\/{rel}","templated":true}]}}